{"id":27,"date":"2024-08-08T13:41:37","date_gmt":"2024-08-08T13:41:37","guid":{"rendered":"https:\/\/mindpax.oppido.com\/?page_id=27"},"modified":"2024-09-19T19:02:41","modified_gmt":"2024-09-19T19:02:41","slug":"blog","status":"publish","type":"page","link":"https:\/\/mindpax.me\/cz\/blog\/","title":{"rendered":"Blog"},"content":{"rendered":"<p>[et_pb_section fb_built=&#8221;1&#8243; _builder_version=&#8221;4.27.0&#8243; _module_preset=&#8221;default&#8221; global_colors_info=&#8221;{}&#8221;][\/et_pb_section][et_pb_section fb_built=&#8221;1&#8243; admin_label=&#8221;section&#8221; _builder_version=&#8221;4.27.0&#8243; background_enable_color=&#8221;off&#8221; background_image=&#8221;https:\/\/mindpax.me\/wp-content\/uploads\/2024\/09\/news_bg_v2.png&#8221; background_size=&#8221;stretch&#8221; background_enable_video_mp4=&#8221;off&#8221; background_video_width=&#8221;100%&#8221; z_index=&#8221;2&#8243; height=&#8221;60vh&#8221; height_tablet=&#8221;60vh&#8221; height_phone=&#8221;900px&#8221; height_last_edited=&#8221;on|phone&#8221; custom_margin=&#8221;-150px||||false|false&#8221; global_colors_info=&#8221;{}&#8221;][et_pb_row admin_label=&#8221;row&#8221; _builder_version=&#8221;4.27.0&#8243; background_color=&#8221;RGBA(255,255,255,0)&#8221; background_size=&#8221;initial&#8221; background_position=&#8221;top_left&#8221; background_repeat=&#8221;repeat&#8221; custom_padding=&#8221;||52px|||&#8221; global_colors_info=&#8221;{}&#8221;][et_pb_column type=&#8221;4_4&#8243; _builder_version=&#8221;4.16&#8243; custom_padding=&#8221;|||&#8221; global_colors_info=&#8221;{}&#8221; custom_padding__hover=&#8221;|||&#8221;][et_pb_text _builder_version=&#8221;4.27.0&#8243; _module_preset=&#8221;default&#8221; header_font=&#8221;Montserrat|600|||||||&#8221; header_text_align=&#8221;center&#8221; header_text_color=&#8221;#FFFFFF&#8221; header_font_size=&#8221;40px&#8221; header_line_height=&#8221;1.2em&#8221; max_width=&#8221;800px&#8221; module_alignment=&#8221;center&#8221; custom_margin=&#8221;17vh||||false|false&#8221; global_colors_info=&#8221;{}&#8221;]<\/p>\n<h1>Science<\/h1>\n<p>[\/et_pb_text][\/et_pb_column][\/et_pb_row][et_pb_row _builder_version=&#8221;4.27.0&#8243; _module_preset=&#8221;default&#8221; background_color=&#8221;#FFFFFF&#8221; transform_translate_linked=&#8221;off&#8221; custom_padding=&#8221;0px|24px|0px|24px|true|true&#8221; border_radii=&#8221;on|10px|10px|10px|10px&#8221; box_shadow_style=&#8221;preset1&#8243; global_colors_info=&#8221;{}&#8221;][et_pb_column type=&#8221;4_4&#8243; _builder_version=&#8221;4.27.0&#8243; _module_preset=&#8221;default&#8221; global_colors_info=&#8221;{}&#8221;][et_pb_blog include_categories=&#8221;36&#8243; show_author=&#8221;off&#8221; show_date=&#8221;off&#8221; show_pagination=&#8221;off&#8221; _builder_version=&#8221;4.27.0&#8243; _module_preset=&#8221;default&#8221; header_font=&#8221;Montserrat|600|||||||&#8221; header_text_color=&#8221;#0c71c3&#8243; custom_margin=&#8221;22px||0px||false|false&#8221; custom_padding=&#8221;0px||0px||false|false&#8221; custom_css_free_form=&#8221;@media (min-width: 768px) {||  selector article.has-post-thumbnail {||    display: grid;||    grid-template-columns: 30% auto;||    grid-template-rows: repeat(4, auto);||    gap: 0 20px;||  }||||  selector article.et_pb_post {||    margin-bottom: 20px||  }||||  selector article.has-post-thumbnail .entry-featured-image-url {||    grid-row: span 5;||    margin-bottom: 0;||  }||}&#8221; border_radii_image=&#8221;on|8px|8px|8px|8px&#8221; global_colors_info=&#8221;{}&#8221;][\/et_pb_blog][\/et_pb_column][\/et_pb_row][\/et_pb_section][et_pb_section fb_built=&#8221;1&#8243; _builder_version=&#8221;4.27.0&#8243; _module_preset=&#8221;default&#8221; background_color=&#8221;rgba(221,234,245,0.26)&#8221; global_colors_info=&#8221;{}&#8221;][et_pb_row _builder_version=&#8221;4.27.0&#8243; _module_preset=&#8221;default&#8221; global_colors_info=&#8221;{}&#8221;][et_pb_column type=&#8221;4_4&#8243; _builder_version=&#8221;4.27.0&#8243; _module_preset=&#8221;default&#8221; global_colors_info=&#8221;{}&#8221;][et_pb_blog fullwidth=&#8221;off&#8221; include_categories=&#8221;34,35,37,38&#8243; show_author=&#8221;off&#8221; show_date=&#8221;off&#8221; show_excerpt=&#8221;off&#8221; _builder_version=&#8221;4.27.0&#8243; _module_preset=&#8221;default&#8221; header_font=&#8221;Montserrat|600|||||||&#8221; header_text_color=&#8221;#096b9d&#8221; header_font_size=&#8221;17px&#8221; header_line_height=&#8221;1.3em&#8221; body_font=&#8221;||||||||&#8221; meta_font=&#8221;|700||on|||||&#8221; meta_text_color=&#8221;#9e9e9e&#8221; meta_font_size=&#8221;12px&#8221; read_more_font=&#8221;||||||||&#8221; pagination_font=&#8221;||||||||&#8221; text_orientation=&#8221;left&#8221; hover_enabled=&#8221;0&#8243; border_radii=&#8221;on|8px|8px|8px|8px&#8221; border_width_all=&#8221;0px&#8221; box_shadow_style=&#8221;preset1&#8243; box_shadow_blur=&#8221;29px&#8221; global_colors_info=&#8221;{}&#8221; sticky_enabled=&#8221;0&#8243;][\/et_pb_blog][\/et_pb_column][\/et_pb_row][\/et_pb_section][et_pb_section fb_built=&#8221;1&#8243; _builder_version=&#8221;4.27.0&#8243; _module_preset=&#8221;default&#8221; background_enable_color=&#8221;off&#8221; background_image=&#8221;https:\/\/mindpax.me\/wp-content\/uploads\/2024\/09\/contact_us-bg__mobile.jpg&#8221; background_size=&#8221;stretch&#8221; global_module=&#8221;233&#8243; global_colors_info=&#8221;{}&#8221;][et_pb_row column_structure=&#8221;1_2,1_2&#8243; custom_padding_last_edited=&#8221;on|desktop&#8221; _builder_version=&#8221;4.27.0&#8243; _module_preset=&#8221;default&#8221; custom_margin=&#8221;||0px||false|false&#8221; custom_padding=&#8221;||0px||false|false&#8221; custom_padding_tablet=&#8221;||0px||false|false&#8221; custom_padding_phone=&#8221;||0px||false|false&#8221; global_colors_info=&#8221;{}&#8221;][et_pb_column type=&#8221;1_2&#8243; _builder_version=&#8221;4.27.0&#8243; _module_preset=&#8221;default&#8221; global_colors_info=&#8221;{}&#8221;][et_pb_text _builder_version=&#8221;4.27.0&#8243; _module_preset=&#8221;default&#8221; header_2_font=&#8221;&#8211;et_global_body_font||||||||&#8221; header_2_line_height=&#8221;1.1em&#8221; custom_margin=&#8221;48px||11px||false|false&#8221; global_colors_info=&#8221;{}&#8221;]<\/p>\n<h2><strong><span style=\"color: #0091db;\">Contact Us<\/span><br \/><\/strong><\/h2>\n<p>[\/et_pb_text][et_pb_text _builder_version=&#8221;4.27.0&#8243; _module_preset=&#8221;default&#8221; global_colors_info=&#8221;{}&#8221;]<\/p>\n<p><span>If you are interested in our vision and thinking about getting involved yourself, your loved one or investing in a meaningful project do not hesitate to contact us.<\/span><\/p>\n<p>[\/et_pb_text][et_pb_button button_url=&#8221;@ET-DC@eyJkeW5hbWljIjp0cnVlLCJjb250ZW50IjoicG9zdF9saW5rX3VybF9wYWdlIiwic2V0dGluZ3MiOnsicG9zdF9pZCI6IjIyOCJ9fQ==@&#8221; button_text=&#8221;Contact Us&#8221; button_alignment=&#8221;left&#8221; _builder_version=&#8221;4.27.0&#8243; _dynamic_attributes=&#8221;button_url&#8221; _module_preset=&#8221;default&#8221; custom_button=&#8221;on&#8221; button_text_size=&#8221;17px&#8221; button_text_color=&#8221;#000000&#8243; button_bg_color=&#8221;RGBA(255,255,255,0)&#8221; button_border_width=&#8221;2px&#8221; button_border_color=&#8221;#0091db&#8221; button_border_radius=&#8221;8px&#8221; button_font=&#8221;|600|||||||&#8221; button_icon=&#8221;&#x24;||divi||400&#8243; button_on_hover=&#8221;off&#8221; custom_padding=&#8221;6px|36px|6px|18px|true|false&#8221; global_colors_info=&#8221;{}&#8221;][\/et_pb_button][\/et_pb_column][et_pb_column type=&#8221;1_2&#8243; _builder_version=&#8221;4.27.0&#8243; _module_preset=&#8221;default&#8221; global_colors_info=&#8221;{}&#8221;][et_pb_text _builder_version=&#8221;4.27.0&#8243; _module_preset=&#8221;default&#8221; text_font=&#8221;&#8211;et_global_body_font||||||||&#8221; text_text_color=&#8221;#0C71C3&#8243; text_font_size=&#8221;13px&#8221; header_3_font=&#8221;Montserrat|700|||||||&#8221; header_3_text_color=&#8221;#096b9d&#8221; header_3_font_size=&#8221;20px&#8221; background_color=&#8221;#FFFFFF&#8221; text_orientation=&#8221;center&#8221; max_width=&#8221;200px&#8221; module_alignment=&#8221;center&#8221; custom_padding=&#8221;20px||20px||false|false&#8221; border_radii=&#8221;on|8px|8px|8px|8px&#8221; box_shadow_style=&#8221;preset1&#8243; global_colors_info=&#8221;{}&#8221;]<\/p>\n<h3>Infomail<\/h3>\n<p>info@mindpax.me<\/p>\n<p>[\/et_pb_text][\/et_pb_column][\/et_pb_row][\/et_pb_section]<\/p>\n","protected":false},"excerpt":{"rendered":"<p>ScienceContact UsIf you are interested in our vision and thinking about getting involved yourself, your loved one or investing in a meaningful project do not hesitate to contact us.Infomail info@mindpax.me<\/p>","protected":false},"author":1,"featured_media":0,"parent":0,"menu_order":0,"comment_status":"closed","ping_status":"closed","template":"","meta":{"_et_pb_use_builder":"on","_et_pb_old_content":"<!-- wp:divi\/placeholder \/-->","_et_gb_content_width":"","footnotes":""},"folder":[],"class_list":["post-27","page","type-page","status-publish","hentry"],"yoast_head":"<!-- This site is optimized with the Yoast SEO plugin v23.8 - https:\/\/yoast.com\/wordpress\/plugins\/seo\/ -->\n<title>Blog - Mindpax<\/title>\n<meta name=\"robots\" content=\"index, follow, max-snippet:-1, max-image-preview:large, max-video-preview:-1\" \/>\n<link rel=\"canonical\" href=\"http:\/\/lightsail.mindpax-web.mindpax.me\/en\/blog\/\" \/>\n<meta property=\"og:locale\" content=\"cs_CZ\" \/>\n<meta property=\"og:type\" content=\"article\" \/>\n<meta property=\"og:title\" content=\"Blog - Mindpax\" \/>\n<meta property=\"og:description\" content=\"ScienceContact UsIf you are interested in our vision and thinking about getting involved yourself, your loved one or investing in a meaningful project do not hesitate to contact us.Infomail info@mindpax.me\" \/>\n<meta property=\"og:url\" content=\"http:\/\/lightsail.mindpax-web.mindpax.me\/en\/blog\/\" \/>\n<meta property=\"og:site_name\" content=\"Mindpax\" \/>\n<meta property=\"article:modified_time\" content=\"2024-09-19T19:02:41+00:00\" \/>\n<meta name=\"twitter:card\" content=\"summary_large_image\" \/>\n<meta name=\"twitter:label1\" content=\"Odhadovan\u00e1 doba \u010dten\u00ed\" \/>\n\t<meta name=\"twitter:data1\" content=\"4 minuty\" \/>\n<script type=\"application\/ld+json\" class=\"yoast-schema-graph\">{\"@context\":\"https:\/\/schema.org\",\"@graph\":[{\"@type\":\"WebPage\",\"@id\":\"http:\/\/lightsail.mindpax-web.mindpax.me\/en\/blog\/\",\"url\":\"http:\/\/lightsail.mindpax-web.mindpax.me\/en\/blog\/\",\"name\":\"Blog - Mindpax\",\"isPartOf\":{\"@id\":\"https:\/\/mindpax.me\/de\/#website\"},\"datePublished\":\"2024-08-08T13:41:37+00:00\",\"dateModified\":\"2024-09-19T19:02:41+00:00\",\"breadcrumb\":{\"@id\":\"http:\/\/lightsail.mindpax-web.mindpax.me\/en\/blog\/#breadcrumb\"},\"inLanguage\":\"cs\",\"potentialAction\":[{\"@type\":\"ReadAction\",\"target\":[\"http:\/\/lightsail.mindpax-web.mindpax.me\/en\/blog\/\"]}]},{\"@type\":\"BreadcrumbList\",\"@id\":\"http:\/\/lightsail.mindpax-web.mindpax.me\/en\/blog\/#breadcrumb\",\"itemListElement\":[{\"@type\":\"ListItem\",\"position\":1,\"name\":\"Home\",\"item\":\"https:\/\/mindpax.me\/de\/\"},{\"@type\":\"ListItem\",\"position\":2,\"name\":\"Blog\"}]},{\"@type\":\"WebSite\",\"@id\":\"https:\/\/mindpax.me\/de\/#website\",\"url\":\"https:\/\/mindpax.me\/de\/\",\"name\":\"Mindpax.me\",\"description\":\"\",\"publisher\":{\"@id\":\"https:\/\/mindpax.me\/de\/#organization\"},\"potentialAction\":[{\"@type\":\"SearchAction\",\"target\":{\"@type\":\"EntryPoint\",\"urlTemplate\":\"https:\/\/mindpax.me\/de\/?s={search_term_string}\"},\"query-input\":{\"@type\":\"PropertyValueSpecification\",\"valueRequired\":true,\"valueName\":\"search_term_string\"}}],\"inLanguage\":\"cs\"},{\"@type\":\"Organization\",\"@id\":\"https:\/\/mindpax.me\/de\/#organization\",\"name\":\"Mindpax\",\"url\":\"https:\/\/mindpax.me\/de\/\",\"logo\":{\"@type\":\"ImageObject\",\"inLanguage\":\"cs\",\"@id\":\"https:\/\/mindpax.me\/de\/#\/schema\/logo\/image\/\",\"url\":\"https:\/\/mindpax.me\/wp-content\/uploads\/2024\/11\/Mindpax.png\",\"contentUrl\":\"https:\/\/mindpax.me\/wp-content\/uploads\/2024\/11\/Mindpax.png\",\"width\":512,\"height\":512,\"caption\":\"Mindpax\"},\"image\":{\"@id\":\"https:\/\/mindpax.me\/de\/#\/schema\/logo\/image\/\"},\"sameAs\":[\"https:\/\/www.linkedin.com\/company\/mindpax.me\"]}]}<\/script>\n<!-- \/ Yoast SEO plugin. -->","yoast_head_json":{"title":"Blog - Mindpax","robots":{"index":"index","follow":"follow","max-snippet":"max-snippet:-1","max-image-preview":"max-image-preview:large","max-video-preview":"max-video-preview:-1"},"canonical":"http:\/\/lightsail.mindpax-web.mindpax.me\/en\/blog\/","og_locale":"cs_CZ","og_type":"article","og_title":"Blog - Mindpax","og_description":"ScienceContact UsIf you are interested in our vision and thinking about getting involved yourself, your loved one or investing in a meaningful project do not hesitate to contact us.Infomail info@mindpax.me","og_url":"http:\/\/lightsail.mindpax-web.mindpax.me\/en\/blog\/","og_site_name":"Mindpax","article_modified_time":"2024-09-19T19:02:41+00:00","twitter_card":"summary_large_image","twitter_misc":{"Odhadovan\u00e1 doba \u010dten\u00ed":"4 minuty"},"schema":{"@context":"https:\/\/schema.org","@graph":[{"@type":"WebPage","@id":"http:\/\/lightsail.mindpax-web.mindpax.me\/en\/blog\/","url":"http:\/\/lightsail.mindpax-web.mindpax.me\/en\/blog\/","name":"Blog - Mindpax","isPartOf":{"@id":"https:\/\/mindpax.me\/de\/#website"},"datePublished":"2024-08-08T13:41:37+00:00","dateModified":"2024-09-19T19:02:41+00:00","breadcrumb":{"@id":"http:\/\/lightsail.mindpax-web.mindpax.me\/en\/blog\/#breadcrumb"},"inLanguage":"cs","potentialAction":[{"@type":"ReadAction","target":["http:\/\/lightsail.mindpax-web.mindpax.me\/en\/blog\/"]}]},{"@type":"BreadcrumbList","@id":"http:\/\/lightsail.mindpax-web.mindpax.me\/en\/blog\/#breadcrumb","itemListElement":[{"@type":"ListItem","position":1,"name":"Home","item":"https:\/\/mindpax.me\/de\/"},{"@type":"ListItem","position":2,"name":"Blog"}]},{"@type":"WebSite","@id":"https:\/\/mindpax.me\/de\/#website","url":"https:\/\/mindpax.me\/de\/","name":"Mindpax.me","description":"","publisher":{"@id":"https:\/\/mindpax.me\/de\/#organization"},"potentialAction":[{"@type":"SearchAction","target":{"@type":"EntryPoint","urlTemplate":"https:\/\/mindpax.me\/de\/?s={search_term_string}"},"query-input":{"@type":"PropertyValueSpecification","valueRequired":true,"valueName":"search_term_string"}}],"inLanguage":"cs"},{"@type":"Organization","@id":"https:\/\/mindpax.me\/de\/#organization","name":"Mindpax","url":"https:\/\/mindpax.me\/de\/","logo":{"@type":"ImageObject","inLanguage":"cs","@id":"https:\/\/mindpax.me\/de\/#\/schema\/logo\/image\/","url":"https:\/\/mindpax.me\/wp-content\/uploads\/2024\/11\/Mindpax.png","contentUrl":"https:\/\/mindpax.me\/wp-content\/uploads\/2024\/11\/Mindpax.png","width":512,"height":512,"caption":"Mindpax"},"image":{"@id":"https:\/\/mindpax.me\/de\/#\/schema\/logo\/image\/"},"sameAs":["https:\/\/www.linkedin.com\/company\/mindpax.me"]}]}},"_links":{"self":[{"href":"https:\/\/mindpax.me\/cz\/wp-json\/wp\/v2\/pages\/27"}],"collection":[{"href":"https:\/\/mindpax.me\/cz\/wp-json\/wp\/v2\/pages"}],"about":[{"href":"https:\/\/mindpax.me\/cz\/wp-json\/wp\/v2\/types\/page"}],"author":[{"embeddable":true,"href":"https:\/\/mindpax.me\/cz\/wp-json\/wp\/v2\/users\/1"}],"replies":[{"embeddable":true,"href":"https:\/\/mindpax.me\/cz\/wp-json\/wp\/v2\/comments?post=27"}],"version-history":[{"count":10,"href":"https:\/\/mindpax.me\/cz\/wp-json\/wp\/v2\/pages\/27\/revisions"}],"predecessor-version":[{"id":645,"href":"https:\/\/mindpax.me\/cz\/wp-json\/wp\/v2\/pages\/27\/revisions\/645"}],"wp:attachment":[{"href":"https:\/\/mindpax.me\/cz\/wp-json\/wp\/v2\/media?parent=27"}],"wp:term":[{"taxonomy":"folder","embeddable":true,"href":"https:\/\/mindpax.me\/cz\/wp-json\/wp\/v2\/folder?post=27"}],"curies":[{"name":"wp","href":"https:\/\/api.w.org\/{rel}","templated":true}]}}