{"id":472,"date":"2024-09-16T21:23:20","date_gmt":"2024-09-16T21:23:20","guid":{"rendered":"https:\/\/mindpax.oppido.com\/?page_id=472"},"modified":"2024-09-18T09:07:38","modified_gmt":"2024-09-18T09:07:38","slug":"success","status":"publish","type":"page","link":"https:\/\/mindpax.me\/cz\/success\/","title":{"rendered":"Success"},"content":{"rendered":"<p>[et_pb_section fb_built=&#8221;1&#8243; admin_label=&#8221;section&#8221; _builder_version=&#8221;4.27.0&#8243; background_enable_color=&#8221;off&#8221; background_image=&#8221;https:\/\/mindpax.me\/wp-content\/uploads\/2024\/09\/Hero.png&#8221; background_enable_video_mp4=&#8221;off&#8221; background_video_width=&#8221;100%&#8221; z_index=&#8221;2&#8243; global_colors_info=&#8221;{}&#8221;][et_pb_row admin_label=&#8221;row&#8221; _builder_version=&#8221;4.27.0&#8243; background_color=&#8221;RGBA(255,255,255,0)&#8221; background_size=&#8221;initial&#8221; background_position=&#8221;top_left&#8221; background_repeat=&#8221;repeat&#8221; custom_padding=&#8221;||52px|||&#8221; global_colors_info=&#8221;{}&#8221;][et_pb_column type=&#8221;4_4&#8243; _builder_version=&#8221;4.16&#8243; custom_padding=&#8221;|||&#8221; global_colors_info=&#8221;{}&#8221; custom_padding__hover=&#8221;|||&#8221;][et_pb_text _builder_version=&#8221;4.27.0&#8243; _module_preset=&#8221;default&#8221; header_font=&#8221;Montserrat|600|||||||&#8221; header_text_align=&#8221;center&#8221; header_text_color=&#8221;#FFFFFF&#8221; header_font_size=&#8221;40px&#8221; header_line_height=&#8221;1.2em&#8221; max_width=&#8221;800px&#8221; module_alignment=&#8221;center&#8221; custom_margin=&#8221;17vh||||false|false&#8221; global_colors_info=&#8221;{}&#8221;]<\/p>\n<h1>Success!<\/h1>\n<p>[\/et_pb_text][\/et_pb_column][\/et_pb_row][et_pb_row _builder_version=&#8221;4.27.0&#8243; _module_preset=&#8221;default&#8221; background_color=&#8221;#FFFFFF&#8221; transform_translate_linked=&#8221;off&#8221; custom_padding=&#8221;24px|24px|24px|24px|true|true&#8221; border_radii=&#8221;on|10px|10px|10px|10px&#8221; box_shadow_style=&#8221;preset1&#8243; global_colors_info=&#8221;{}&#8221;][et_pb_column type=&#8221;4_4&#8243; _builder_version=&#8221;4.27.0&#8243; _module_preset=&#8221;default&#8221; global_colors_info=&#8221;{}&#8221;][et_pb_text _builder_version=&#8221;4.27.0&#8243; _module_preset=&#8221;default&#8221; global_colors_info=&#8221;{}&#8221;]<\/p>\n<p style=\"text-align: center;\">We have successfully received your Contact Us message or Order. As soon as humanly possible, one of our amazing colleagues will be in touch with you.<\/p>\n<p>[\/et_pb_text][et_pb_text _builder_version=&#8221;4.27.0&#8243; _module_preset=&#8221;default&#8221; global_colors_info=&#8221;{}&#8221;]<\/p>\n<p style=\"text-align: center;\">In the meantime, why not look at some of our great articles:<\/p>\n<p>[\/et_pb_text][et_pb_blog fullwidth=&#8221;off&#8221; posts_number=&#8221;3&#8243; include_categories=&#8221;all&#8221; show_author=&#8221;off&#8221; show_date=&#8221;off&#8221; show_excerpt=&#8221;off&#8221; _builder_version=&#8221;4.27.0&#8243; _module_preset=&#8221;default&#8221; header_font=&#8221;Montserrat|600|||||||&#8221; header_text_color=&#8221;#096b9d&#8221; header_font_size=&#8221;17px&#8221; header_line_height=&#8221;1.3em&#8221; body_font=&#8221;||||||||&#8221; meta_font=&#8221;|700||on|||||&#8221; meta_text_color=&#8221;#9e9e9e&#8221; meta_font_size=&#8221;12px&#8221; read_more_font=&#8221;||||||||&#8221; pagination_font=&#8221;||||||||&#8221; text_orientation=&#8221;left&#8221; hover_enabled=&#8221;0&#8243; border_radii=&#8221;on|8px|8px|8px|8px&#8221; border_width_all=&#8221;0px&#8221; box_shadow_style=&#8221;preset1&#8243; box_shadow_blur=&#8221;29px&#8221; global_colors_info=&#8221;{}&#8221; show_pagination=&#8221;off&#8221; show_categories=&#8221;off&#8221; sticky_enabled=&#8221;0&#8243;][\/et_pb_blog][\/et_pb_column][\/et_pb_row][\/et_pb_section]<\/p>\n","protected":false},"excerpt":{"rendered":"<p>Success!We have successfully received your Contact Us message or Order. As soon as humanly possible, one of our amazing colleagues will be in touch with you.In the meantime, why not look at some of our great articles:<\/p>","protected":false},"author":1,"featured_media":0,"parent":0,"menu_order":0,"comment_status":"closed","ping_status":"closed","template":"","meta":{"_et_pb_use_builder":"on","_et_pb_old_content":"","_et_gb_content_width":"","footnotes":""},"folder":[],"class_list":["post-472","page","type-page","status-publish","hentry"],"yoast_head":"<!-- This site is optimized with the Yoast SEO plugin v23.8 - https:\/\/yoast.com\/wordpress\/plugins\/seo\/ -->\n<title>Success - Mindpax<\/title>\n<meta name=\"robots\" content=\"index, follow, max-snippet:-1, max-image-preview:large, max-video-preview:-1\" \/>\n<link rel=\"canonical\" href=\"https:\/\/lightsail.mindpax-web.mindpax.me\/cz\/success\/\" \/>\n<meta property=\"og:locale\" content=\"cs_CZ\" \/>\n<meta property=\"og:type\" content=\"article\" \/>\n<meta property=\"og:title\" content=\"Success - Mindpax\" \/>\n<meta property=\"og:description\" content=\"Success!We have successfully received your Contact Us message or Order. As soon as humanly possible, one of our amazing colleagues will be in touch with you.In the meantime, why not look at some of our great articles:\" \/>\n<meta property=\"og:url\" content=\"https:\/\/lightsail.mindpax-web.mindpax.me\/cz\/success\/\" \/>\n<meta property=\"og:site_name\" content=\"Mindpax\" \/>\n<meta property=\"article:modified_time\" content=\"2024-09-18T09:07:38+00:00\" \/>\n<meta name=\"twitter:card\" content=\"summary_large_image\" \/>\n<meta name=\"twitter:label1\" content=\"Odhadovan\u00e1 doba \u010dten\u00ed\" \/>\n\t<meta name=\"twitter:data1\" content=\"2 minuty\" \/>\n<script type=\"application\/ld+json\" class=\"yoast-schema-graph\">{\"@context\":\"https:\/\/schema.org\",\"@graph\":[{\"@type\":\"WebPage\",\"@id\":\"https:\/\/lightsail.mindpax-web.mindpax.me\/cz\/success\/\",\"url\":\"https:\/\/lightsail.mindpax-web.mindpax.me\/cz\/success\/\",\"name\":\"Success - Mindpax\",\"isPartOf\":{\"@id\":\"https:\/\/mindpax.me\/de\/#website\"},\"datePublished\":\"2024-09-16T21:23:20+00:00\",\"dateModified\":\"2024-09-18T09:07:38+00:00\",\"breadcrumb\":{\"@id\":\"https:\/\/lightsail.mindpax-web.mindpax.me\/cz\/success\/#breadcrumb\"},\"inLanguage\":\"cs\",\"potentialAction\":[{\"@type\":\"ReadAction\",\"target\":[\"https:\/\/lightsail.mindpax-web.mindpax.me\/cz\/success\/\"]}]},{\"@type\":\"BreadcrumbList\",\"@id\":\"https:\/\/lightsail.mindpax-web.mindpax.me\/cz\/success\/#breadcrumb\",\"itemListElement\":[{\"@type\":\"ListItem\",\"position\":1,\"name\":\"Home\",\"item\":\"https:\/\/mindpax.me\/de\/\"},{\"@type\":\"ListItem\",\"position\":2,\"name\":\"Success\"}]},{\"@type\":\"WebSite\",\"@id\":\"https:\/\/mindpax.me\/de\/#website\",\"url\":\"https:\/\/mindpax.me\/de\/\",\"name\":\"Mindpax.me\",\"description\":\"\",\"publisher\":{\"@id\":\"https:\/\/mindpax.me\/de\/#organization\"},\"potentialAction\":[{\"@type\":\"SearchAction\",\"target\":{\"@type\":\"EntryPoint\",\"urlTemplate\":\"https:\/\/mindpax.me\/de\/?s={search_term_string}\"},\"query-input\":{\"@type\":\"PropertyValueSpecification\",\"valueRequired\":true,\"valueName\":\"search_term_string\"}}],\"inLanguage\":\"cs\"},{\"@type\":\"Organization\",\"@id\":\"https:\/\/mindpax.me\/de\/#organization\",\"name\":\"Mindpax\",\"url\":\"https:\/\/mindpax.me\/de\/\",\"logo\":{\"@type\":\"ImageObject\",\"inLanguage\":\"cs\",\"@id\":\"https:\/\/mindpax.me\/de\/#\/schema\/logo\/image\/\",\"url\":\"https:\/\/mindpax.me\/wp-content\/uploads\/2024\/11\/Mindpax.png\",\"contentUrl\":\"https:\/\/mindpax.me\/wp-content\/uploads\/2024\/11\/Mindpax.png\",\"width\":512,\"height\":512,\"caption\":\"Mindpax\"},\"image\":{\"@id\":\"https:\/\/mindpax.me\/de\/#\/schema\/logo\/image\/\"},\"sameAs\":[\"https:\/\/www.linkedin.com\/company\/mindpax.me\"]}]}<\/script>\n<!-- \/ Yoast SEO plugin. -->","yoast_head_json":{"title":"Success - Mindpax","robots":{"index":"index","follow":"follow","max-snippet":"max-snippet:-1","max-image-preview":"max-image-preview:large","max-video-preview":"max-video-preview:-1"},"canonical":"https:\/\/lightsail.mindpax-web.mindpax.me\/cz\/success\/","og_locale":"cs_CZ","og_type":"article","og_title":"Success - Mindpax","og_description":"Success!We have successfully received your Contact Us message or Order. As soon as humanly possible, one of our amazing colleagues will be in touch with you.In the meantime, why not look at some of our great articles:","og_url":"https:\/\/lightsail.mindpax-web.mindpax.me\/cz\/success\/","og_site_name":"Mindpax","article_modified_time":"2024-09-18T09:07:38+00:00","twitter_card":"summary_large_image","twitter_misc":{"Odhadovan\u00e1 doba \u010dten\u00ed":"2 minuty"},"schema":{"@context":"https:\/\/schema.org","@graph":[{"@type":"WebPage","@id":"https:\/\/lightsail.mindpax-web.mindpax.me\/cz\/success\/","url":"https:\/\/lightsail.mindpax-web.mindpax.me\/cz\/success\/","name":"Success - Mindpax","isPartOf":{"@id":"https:\/\/mindpax.me\/de\/#website"},"datePublished":"2024-09-16T21:23:20+00:00","dateModified":"2024-09-18T09:07:38+00:00","breadcrumb":{"@id":"https:\/\/lightsail.mindpax-web.mindpax.me\/cz\/success\/#breadcrumb"},"inLanguage":"cs","potentialAction":[{"@type":"ReadAction","target":["https:\/\/lightsail.mindpax-web.mindpax.me\/cz\/success\/"]}]},{"@type":"BreadcrumbList","@id":"https:\/\/lightsail.mindpax-web.mindpax.me\/cz\/success\/#breadcrumb","itemListElement":[{"@type":"ListItem","position":1,"name":"Home","item":"https:\/\/mindpax.me\/de\/"},{"@type":"ListItem","position":2,"name":"Success"}]},{"@type":"WebSite","@id":"https:\/\/mindpax.me\/de\/#website","url":"https:\/\/mindpax.me\/de\/","name":"Mindpax.me","description":"","publisher":{"@id":"https:\/\/mindpax.me\/de\/#organization"},"potentialAction":[{"@type":"SearchAction","target":{"@type":"EntryPoint","urlTemplate":"https:\/\/mindpax.me\/de\/?s={search_term_string}"},"query-input":{"@type":"PropertyValueSpecification","valueRequired":true,"valueName":"search_term_string"}}],"inLanguage":"cs"},{"@type":"Organization","@id":"https:\/\/mindpax.me\/de\/#organization","name":"Mindpax","url":"https:\/\/mindpax.me\/de\/","logo":{"@type":"ImageObject","inLanguage":"cs","@id":"https:\/\/mindpax.me\/de\/#\/schema\/logo\/image\/","url":"https:\/\/mindpax.me\/wp-content\/uploads\/2024\/11\/Mindpax.png","contentUrl":"https:\/\/mindpax.me\/wp-content\/uploads\/2024\/11\/Mindpax.png","width":512,"height":512,"caption":"Mindpax"},"image":{"@id":"https:\/\/mindpax.me\/de\/#\/schema\/logo\/image\/"},"sameAs":["https:\/\/www.linkedin.com\/company\/mindpax.me"]}]}},"_links":{"self":[{"href":"https:\/\/mindpax.me\/cz\/wp-json\/wp\/v2\/pages\/472"}],"collection":[{"href":"https:\/\/mindpax.me\/cz\/wp-json\/wp\/v2\/pages"}],"about":[{"href":"https:\/\/mindpax.me\/cz\/wp-json\/wp\/v2\/types\/page"}],"author":[{"embeddable":true,"href":"https:\/\/mindpax.me\/cz\/wp-json\/wp\/v2\/users\/1"}],"replies":[{"embeddable":true,"href":"https:\/\/mindpax.me\/cz\/wp-json\/wp\/v2\/comments?post=472"}],"version-history":[{"count":3,"href":"https:\/\/mindpax.me\/cz\/wp-json\/wp\/v2\/pages\/472\/revisions"}],"predecessor-version":[{"id":599,"href":"https:\/\/mindpax.me\/cz\/wp-json\/wp\/v2\/pages\/472\/revisions\/599"}],"wp:attachment":[{"href":"https:\/\/mindpax.me\/cz\/wp-json\/wp\/v2\/media?parent=472"}],"wp:term":[{"taxonomy":"folder","embeddable":true,"href":"https:\/\/mindpax.me\/cz\/wp-json\/wp\/v2\/folder?post=472"}],"curies":[{"name":"wp","href":"https:\/\/api.w.org\/{rel}","templated":true}]}}