{"id":837,"date":"2024-11-05T08:25:08","date_gmt":"2024-11-05T08:25:08","guid":{"rendered":"http:\/\/3.123.108.25\/?page_id=837"},"modified":"2024-11-18T17:19:56","modified_gmt":"2024-11-18T17:19:56","slug":"notice-of-withdrawal","status":"publish","type":"page","link":"https:\/\/mindpax.me\/cz\/notice-of-withdrawal\/","title":{"rendered":"Formul\u00e1\u0159 pro odstoupen\u00ed"},"content":{"rendered":"<p>[et_pb_section fb_built=&#8221;1&#8243; _builder_version=&#8221;4.27.0&#8243; _module_preset=&#8221;default&#8221; global_colors_info=&#8221;{}&#8221; theme_builder_area=&#8221;post_content&#8221;][et_pb_row _builder_version=&#8221;4.27.0&#8243; _module_preset=&#8221;default&#8221; global_colors_info=&#8221;{}&#8221; theme_builder_area=&#8221;post_content&#8221;][et_pb_column type=&#8221;4_4&#8243; _builder_version=&#8221;4.27.0&#8243; _module_preset=&#8221;default&#8221; global_colors_info=&#8221;{}&#8221; theme_builder_area=&#8221;post_content&#8221;][et_pb_text _builder_version=&#8221;4.27.0&#8243; _module_preset=&#8221;default&#8221; global_colors_info=&#8221;{}&#8221; theme_builder_area=&#8221;post_content&#8221;]<\/p>\n<h1>Notice of Withdrawal<\/h1>\n<p>We are sorry to see you leave. To cancel your subscription, please fill out the document below<\/p>\n<p>[\/et_pb_text][et_pb_button button_url=&#8221;@ET-DC@eyJkeW5hbWljIjp0cnVlLCJjb250ZW50IjoicG9zdF9saW5rX3VybF9hdHRhY2htZW50Iiwic2V0dGluZ3MiOnsicG9zdF9pZCI6Ijg0MyJ9fQ==@&#8221; button_text=&#8221;Notice of Withdrawal&#8221; button_alignment=&#8221;left&#8221; _builder_version=&#8221;4.27.3&#8243; _dynamic_attributes=&#8221;button_url&#8221; _module_preset=&#8221;default&#8221; custom_button=&#8221;on&#8221; button_text_size=&#8221;17px&#8221; button_text_color=&#8221;#000000&#8243; button_bg_color=&#8221;RGBA(255,255,255,0)&#8221; button_border_width=&#8221;2px&#8221; button_border_color=&#8221;#0091db&#8221; button_border_radius=&#8221;8px&#8221; button_font=&#8221;|600|||||||&#8221; button_icon=&#8221;&#x24;||divi||400&#8243; button_on_hover=&#8221;off&#8221; custom_padding=&#8221;6px|36px|6px|18px|true|false&#8221; hover_enabled=&#8221;0&#8243; global_colors_info=&#8221;{}&#8221; theme_builder_area=&#8221;post_content&#8221; module_class=&#8221;withdrawal-button&#8221; sticky_enabled=&#8221;0&#8243;][\/et_pb_button][et_pb_code _builder_version=&#8221;4.27.3&#8243; _module_preset=&#8221;default&#8221; theme_builder_area=&#8221;post_content&#8221; hover_enabled=&#8221;0&#8243; sticky_enabled=&#8221;0&#8243;]<script><!-- [et_pb_line_break_holder] -->document.addEventListener(\"DOMContentLoaded\", function() {<!-- [et_pb_line_break_holder] -->    \/\/ Get the current language from the URL path<!-- [et_pb_line_break_holder] -->    var path = window.location.pathname;<!-- [et_pb_line_break_holder] --><!-- [et_pb_line_break_holder] -->    \/\/ Define the language based on the URL path<!-- [et_pb_line_break_holder] -->    var currentLang = 'en';  \/\/ Default language is English<!-- [et_pb_line_break_holder] -->    if (path.includes('\/cz\/')) {<!-- [et_pb_line_break_holder] -->        currentLang = 'cz'; \/\/ Czech<!-- [et_pb_line_break_holder] -->    } else if (path.includes('\/de\/')) {<!-- [et_pb_line_break_holder] -->        currentLang = 'de'; \/\/ German<!-- [et_pb_line_break_holder] -->    } else if (path.includes('\/en\/')) {<!-- [et_pb_line_break_holder] -->        currentLang = 'en'; \/\/ English<!-- [et_pb_line_break_holder] -->    }<!-- [et_pb_line_break_holder] --><!-- [et_pb_line_break_holder] -->    \/\/ Define document links for each language<!-- [et_pb_line_break_holder] -->    var docLinks = {<!-- [et_pb_line_break_holder] -->        'cz': 'https:\/\/mindpax.me\/wp-content\/uploads\/2024\/11\/Formular-pro-odstoupeni_fin_KL.docx',<!-- [et_pb_line_break_holder] -->        'en': 'https:\/\/mindpax.me\/wp-content\/uploads\/2024\/10\/Formular-pro-odstoupeni_fin-en.pdf',<!-- [et_pb_line_break_holder] -->        'de': 'https:\/\/mindpax.me\/wp-content\/uploads\/2024\/11\/Formular-pro-odstoupeni_fin_DE_KL_GT.docx',<!-- [et_pb_line_break_holder] -->    };<!-- [et_pb_line_break_holder] --><!-- [et_pb_line_break_holder] -->    \/\/ Find the button by its class<!-- [et_pb_line_break_holder] -->    var downloadButton = document.querySelector('.withdrawal-button');<!-- [et_pb_line_break_holder] --><!-- [et_pb_line_break_holder] -->    \/\/ Update the button link based on the current language<!-- [et_pb_line_break_holder] -->    if (downloadButton) {<!-- [et_pb_line_break_holder] -->        downloadButton.setAttribute('href', docLinks[currentLang]);<!-- [et_pb_line_break_holder] -->    }<!-- [et_pb_line_break_holder] -->});<!-- [et_pb_line_break_holder] --><\/script><!-- [et_pb_line_break_holder] -->[\/et_pb_code][\/et_pb_column][\/et_pb_row][\/et_pb_section]<\/p>\n","protected":false},"excerpt":{"rendered":"<p>Notice of Withdrawal We are sorry to see you leave. To cancel your subscription, please fill out the document below<\/p>","protected":false},"author":1,"featured_media":0,"parent":0,"menu_order":0,"comment_status":"closed","ping_status":"closed","template":"","meta":{"_et_pb_use_builder":"on","_et_pb_old_content":"","_et_gb_content_width":"","footnotes":""},"folder":[],"class_list":["post-837","page","type-page","status-publish","hentry"],"yoast_head":"<!-- This site is optimized with the Yoast SEO plugin v23.8 - https:\/\/yoast.com\/wordpress\/plugins\/seo\/ -->\n<title>Notice of Withdrawal - Mindpax<\/title>\n<meta name=\"robots\" content=\"index, follow, max-snippet:-1, max-image-preview:large, max-video-preview:-1\" \/>\n<link rel=\"canonical\" href=\"https:\/\/mindpax.me\/cz\/notice-of-withdrawal\/\" \/>\n<meta property=\"og:locale\" content=\"cs_CZ\" \/>\n<meta property=\"og:type\" content=\"article\" \/>\n<meta property=\"og:title\" content=\"Notice of Withdrawal - Mindpax\" \/>\n<meta property=\"og:description\" content=\"Notice of Withdrawal We are sorry to see you leave. To cancel your subscription, please fill out the document below\" \/>\n<meta property=\"og:url\" content=\"https:\/\/mindpax.me\/cz\/notice-of-withdrawal\/\" \/>\n<meta property=\"og:site_name\" content=\"Mindpax\" \/>\n<meta property=\"article:modified_time\" content=\"2024-11-18T17:19:56+00:00\" \/>\n<meta name=\"twitter:card\" content=\"summary_large_image\" \/>\n<meta name=\"twitter:label1\" content=\"Odhadovan\u00e1 doba \u010dten\u00ed\" \/>\n\t<meta name=\"twitter:data1\" content=\"1 minuta\" \/>\n<script type=\"application\/ld+json\" class=\"yoast-schema-graph\">{\"@context\":\"https:\/\/schema.org\",\"@graph\":[{\"@type\":\"WebPage\",\"@id\":\"https:\/\/mindpax.me\/cz\/notice-of-withdrawal\/\",\"url\":\"https:\/\/mindpax.me\/cz\/notice-of-withdrawal\/\",\"name\":\"Notice of Withdrawal - Mindpax\",\"isPartOf\":{\"@id\":\"https:\/\/mindpax.me\/de\/#website\"},\"datePublished\":\"2024-11-05T08:25:08+00:00\",\"dateModified\":\"2024-11-18T17:19:56+00:00\",\"breadcrumb\":{\"@id\":\"https:\/\/mindpax.me\/cz\/notice-of-withdrawal\/#breadcrumb\"},\"inLanguage\":\"cs\",\"potentialAction\":[{\"@type\":\"ReadAction\",\"target\":[\"https:\/\/mindpax.me\/cz\/notice-of-withdrawal\/\"]}]},{\"@type\":\"BreadcrumbList\",\"@id\":\"https:\/\/mindpax.me\/cz\/notice-of-withdrawal\/#breadcrumb\",\"itemListElement\":[{\"@type\":\"ListItem\",\"position\":1,\"name\":\"Home\",\"item\":\"https:\/\/mindpax.me\/de\/\"},{\"@type\":\"ListItem\",\"position\":2,\"name\":\"Notice of Withdrawal\"}]},{\"@type\":\"WebSite\",\"@id\":\"https:\/\/mindpax.me\/de\/#website\",\"url\":\"https:\/\/mindpax.me\/de\/\",\"name\":\"Mindpax.me\",\"description\":\"\",\"publisher\":{\"@id\":\"https:\/\/mindpax.me\/de\/#organization\"},\"potentialAction\":[{\"@type\":\"SearchAction\",\"target\":{\"@type\":\"EntryPoint\",\"urlTemplate\":\"https:\/\/mindpax.me\/de\/?s={search_term_string}\"},\"query-input\":{\"@type\":\"PropertyValueSpecification\",\"valueRequired\":true,\"valueName\":\"search_term_string\"}}],\"inLanguage\":\"cs\"},{\"@type\":\"Organization\",\"@id\":\"https:\/\/mindpax.me\/de\/#organization\",\"name\":\"Mindpax\",\"url\":\"https:\/\/mindpax.me\/de\/\",\"logo\":{\"@type\":\"ImageObject\",\"inLanguage\":\"cs\",\"@id\":\"https:\/\/mindpax.me\/de\/#\/schema\/logo\/image\/\",\"url\":\"https:\/\/mindpax.me\/wp-content\/uploads\/2024\/11\/Mindpax.png\",\"contentUrl\":\"https:\/\/mindpax.me\/wp-content\/uploads\/2024\/11\/Mindpax.png\",\"width\":512,\"height\":512,\"caption\":\"Mindpax\"},\"image\":{\"@id\":\"https:\/\/mindpax.me\/de\/#\/schema\/logo\/image\/\"},\"sameAs\":[\"https:\/\/www.linkedin.com\/company\/mindpax.me\"]}]}<\/script>\n<!-- \/ Yoast SEO plugin. -->","yoast_head_json":{"title":"Notice of Withdrawal - Mindpax","robots":{"index":"index","follow":"follow","max-snippet":"max-snippet:-1","max-image-preview":"max-image-preview:large","max-video-preview":"max-video-preview:-1"},"canonical":"https:\/\/mindpax.me\/cz\/notice-of-withdrawal\/","og_locale":"cs_CZ","og_type":"article","og_title":"Notice of Withdrawal - Mindpax","og_description":"Notice of Withdrawal We are sorry to see you leave. To cancel your subscription, please fill out the document below","og_url":"https:\/\/mindpax.me\/cz\/notice-of-withdrawal\/","og_site_name":"Mindpax","article_modified_time":"2024-11-18T17:19:56+00:00","twitter_card":"summary_large_image","twitter_misc":{"Odhadovan\u00e1 doba \u010dten\u00ed":"1 minuta"},"schema":{"@context":"https:\/\/schema.org","@graph":[{"@type":"WebPage","@id":"https:\/\/mindpax.me\/cz\/notice-of-withdrawal\/","url":"https:\/\/mindpax.me\/cz\/notice-of-withdrawal\/","name":"Notice of Withdrawal - Mindpax","isPartOf":{"@id":"https:\/\/mindpax.me\/de\/#website"},"datePublished":"2024-11-05T08:25:08+00:00","dateModified":"2024-11-18T17:19:56+00:00","breadcrumb":{"@id":"https:\/\/mindpax.me\/cz\/notice-of-withdrawal\/#breadcrumb"},"inLanguage":"cs","potentialAction":[{"@type":"ReadAction","target":["https:\/\/mindpax.me\/cz\/notice-of-withdrawal\/"]}]},{"@type":"BreadcrumbList","@id":"https:\/\/mindpax.me\/cz\/notice-of-withdrawal\/#breadcrumb","itemListElement":[{"@type":"ListItem","position":1,"name":"Home","item":"https:\/\/mindpax.me\/de\/"},{"@type":"ListItem","position":2,"name":"Notice of Withdrawal"}]},{"@type":"WebSite","@id":"https:\/\/mindpax.me\/de\/#website","url":"https:\/\/mindpax.me\/de\/","name":"Mindpax.me","description":"","publisher":{"@id":"https:\/\/mindpax.me\/de\/#organization"},"potentialAction":[{"@type":"SearchAction","target":{"@type":"EntryPoint","urlTemplate":"https:\/\/mindpax.me\/de\/?s={search_term_string}"},"query-input":{"@type":"PropertyValueSpecification","valueRequired":true,"valueName":"search_term_string"}}],"inLanguage":"cs"},{"@type":"Organization","@id":"https:\/\/mindpax.me\/de\/#organization","name":"Mindpax","url":"https:\/\/mindpax.me\/de\/","logo":{"@type":"ImageObject","inLanguage":"cs","@id":"https:\/\/mindpax.me\/de\/#\/schema\/logo\/image\/","url":"https:\/\/mindpax.me\/wp-content\/uploads\/2024\/11\/Mindpax.png","contentUrl":"https:\/\/mindpax.me\/wp-content\/uploads\/2024\/11\/Mindpax.png","width":512,"height":512,"caption":"Mindpax"},"image":{"@id":"https:\/\/mindpax.me\/de\/#\/schema\/logo\/image\/"},"sameAs":["https:\/\/www.linkedin.com\/company\/mindpax.me"]}]}},"_links":{"self":[{"href":"https:\/\/mindpax.me\/cz\/wp-json\/wp\/v2\/pages\/837"}],"collection":[{"href":"https:\/\/mindpax.me\/cz\/wp-json\/wp\/v2\/pages"}],"about":[{"href":"https:\/\/mindpax.me\/cz\/wp-json\/wp\/v2\/types\/page"}],"author":[{"embeddable":true,"href":"https:\/\/mindpax.me\/cz\/wp-json\/wp\/v2\/users\/1"}],"replies":[{"embeddable":true,"href":"https:\/\/mindpax.me\/cz\/wp-json\/wp\/v2\/comments?post=837"}],"version-history":[{"count":4,"href":"https:\/\/mindpax.me\/cz\/wp-json\/wp\/v2\/pages\/837\/revisions"}],"predecessor-version":[{"id":965,"href":"https:\/\/mindpax.me\/cz\/wp-json\/wp\/v2\/pages\/837\/revisions\/965"}],"wp:attachment":[{"href":"https:\/\/mindpax.me\/cz\/wp-json\/wp\/v2\/media?parent=837"}],"wp:term":[{"taxonomy":"folder","embeddable":true,"href":"https:\/\/mindpax.me\/cz\/wp-json\/wp\/v2\/folder?post=837"}],"curies":[{"name":"wp","href":"https:\/\/api.w.org\/{rel}","templated":true}]}}