{"id":461,"date":"2024-09-16T21:11:48","date_gmt":"2024-09-16T21:11:48","guid":{"rendered":"https:\/\/mindpax.oppido.com\/?page_id=461"},"modified":"2024-09-18T09:05:20","modified_gmt":"2024-09-18T09:05:20","slug":"404-page-not-found","status":"publish","type":"page","link":"https:\/\/mindpax.me\/de\/404-page-not-found\/","title":{"rendered":"404 Page not found"},"content":{"rendered":"<p>[et_pb_section fb_built=&#8221;1&#8243; admin_label=&#8221;404&#8243; _builder_version=&#8221;4.27.0&#8243; _module_preset=&#8221;default&#8221; background_enable_color=&#8221;off&#8221; use_background_color_gradient=&#8221;on&#8221; background_color_gradient_stops=&#8221;rgba(0,0,0,0.5) 0%|rgba(0,0,0,0.5) 100%&#8221; background_color_gradient_overlays_image=&#8221;on&#8221; background_image=&#8221;https:\/\/mindpax.me\/wp-content\/uploads\/2024\/08\/for-providers-cover.png&#8221; min_height=&#8221;100vh&#8221; min_height_tablet=&#8221;100vh&#8221; min_height_phone=&#8221;100vh&#8221; min_height_last_edited=&#8221;on|tablet&#8221; custom_padding=&#8221;14vw||14vw||true|false&#8221; hover_enabled=&#8221;0&#8243; locked=&#8221;off&#8221; collapsed=&#8221;on&#8221; global_colors_info=&#8221;{%22gcid-36fd78a7-34bc-404d-873c-dafa34efaae5%22:%91%22background_color%22%93}&#8221; custom_padding_last_edited=&#8221;on|phone&#8221; sticky_enabled=&#8221;0&#8243; custom_padding_phone=&#8221;20vh||20vh||true|false&#8221; custom_padding_tablet=&#8221;14vw||14vw||true|false&#8221;][et_pb_row _builder_version=&#8221;4.27.0&#8243; _module_preset=&#8221;5138c454-be54-4233-bd3b-f8e6a8747976&#8243; hover_enabled=&#8221;0&#8243; global_colors_info=&#8221;{}&#8221; sticky_enabled=&#8221;0&#8243;][et_pb_column type=&#8221;4_4&#8243; _builder_version=&#8221;4.16&#8243; _module_preset=&#8221;73121f80-a3ef-4484-8763-c3f18e3c56d2&#8243; global_colors_info=&#8221;{}&#8221;][et_pb_heading title=&#8221;404&#8243; _builder_version=&#8221;4.24.3&#8243; _module_preset=&#8221;ddeb8c09-9078-4424-bc15-2efb6572e28e&#8221; title_font=&#8221;Syne|Syne_weight|||||||&#8221; title_text_align=&#8221;center&#8221; title_text_color=&#8221;#FFFFFF&#8221; title_font_size=&#8221;10vw&#8221; title_font_size_tablet=&#8221;10vw&#8221; title_font_size_phone=&#8221;10vw&#8221; title_font_size_last_edited=&#8221;off|phone&#8221; locked=&#8221;off&#8221; global_colors_info=&#8221;{}&#8221;][\/et_pb_heading][et_pb_heading title=&#8221;Page Not Found&#8221; _builder_version=&#8221;4.24.3&#8243; _module_preset=&#8221;c33f07d9-41e0-421a-8799-5799df695cce&#8221; title_level=&#8221;h2&#8243; title_font=&#8221;Syne|Syne_weight|||||||&#8221; title_text_align=&#8221;center&#8221; title_text_color=&#8221;#FFFFFF&#8221; title_font_size=&#8221;50px&#8221; title_line_height=&#8221;1.2em&#8221; custom_margin=&#8221;||10px||false|false&#8221; title_font_size_tablet=&#8221;28px&#8221; title_font_size_phone=&#8221;20px&#8221; title_font_size_last_edited=&#8221;on|phone&#8221; locked=&#8221;off&#8221; global_colors_info=&#8221;{}&#8221;][\/et_pb_heading][et_pb_text quote_border_color=&#8221;#FFFFFF&#8221; _builder_version=&#8221;4.24.3&#8243; _module_preset=&#8221;0504de1e-f5ff-4281-ba60-cbbe4edf98bc&#8221; text_font=&#8221;Inter|Inter_weight|||||||&#8221; text_text_color=&#8221;#FFFFFF&#8221; text_font_size=&#8221;16px&#8221; text_line_height=&#8221;1.75em&#8221; link_font=&#8221;||||on||||&#8221; link_text_color=&#8221;#FFFFFF&#8221; quote_font=&#8221;Syne|Syne_weight|||||||&#8221; quote_text_color=&#8221;#FFFFFF&#8221; header_font=&#8221;Syne|Syne_weight|||||||&#8221; header_text_color=&#8221;#FFFFFF&#8221; header_font_size=&#8221;72px&#8221; header_line_height=&#8221;1.15em&#8221; header_2_font=&#8221;Syne|Syne_weight|||||||&#8221; header_2_text_color=&#8221;#FFFFFF&#8221; header_2_font_size=&#8221;50px&#8221; header_2_line_height=&#8221;1.2em&#8221; header_3_font=&#8221;Syne|Syne_weight|||||||&#8221; header_3_text_color=&#8221;#FFFFFF&#8221; header_3_font_size=&#8221;32px&#8221; header_3_line_height=&#8221;1.3em&#8221; header_4_font=&#8221;Syne|Syne_weight|||||||&#8221; header_4_text_color=&#8221;#FFFFFF&#8221; header_4_font_size=&#8221;24px&#8221; header_4_line_height=&#8221;1.4em&#8221; header_5_font=&#8221;Syne|Syne_weight|||||||&#8221; header_5_text_color=&#8221;#FFFFFF&#8221; header_5_font_size=&#8221;18px&#8221; header_5_line_height=&#8221;1.4em&#8221; header_6_font=&#8221;Syne|Syne_weight|||||||&#8221; header_6_text_color=&#8221;#FFFFFF&#8221; header_6_line_height=&#8221;1.5em&#8221; text_orientation=&#8221;center&#8221; custom_margin=&#8221;||||false|false&#8221; text_font_size_tablet=&#8221;15px&#8221; text_font_size_phone=&#8221;14px&#8221; text_font_size_last_edited=&#8221;on|phone&#8221; header_font_size_tablet=&#8221;40px&#8221; header_font_size_phone=&#8221;24px&#8221; header_font_size_last_edited=&#8221;on|desktop&#8221; header_2_font_size_tablet=&#8221;28px&#8221; header_2_font_size_phone=&#8221;20px&#8221; header_2_font_size_last_edited=&#8221;on|phone&#8221; header_3_font_size_tablet=&#8221;22px&#8221; header_3_font_size_phone=&#8221;17px&#8221; header_3_font_size_last_edited=&#8221;on|phone&#8221; header_4_font_size_tablet=&#8221;18px&#8221; header_4_font_size_phone=&#8221;15px&#8221; header_4_font_size_last_edited=&#8221;on|tablet&#8221; header_5_font_size_tablet=&#8221;15px&#8221; header_5_font_size_phone=&#8221;14px&#8221; header_5_font_size_last_edited=&#8221;on|desktop&#8221; header_6_font_size_tablet=&#8221;13px&#8221; header_6_font_size_phone=&#8221;13px&#8221; header_6_font_size_last_edited=&#8221;on|desktop&#8221; locked=&#8221;off&#8221; global_colors_info=&#8221;{}&#8221;]<\/p>\n<p>Oops! The page you are looking for doesn&#8217;t exist. Please check the URL or return to the homepage.<\/p>\n<p>[\/et_pb_text][et_pb_button button_url=&#8221;@ET-DC@eyJkeW5hbWljIjp0cnVlLCJjb250ZW50IjoicG9zdF9saW5rX3VybF9wYWdlIiwic2V0dGluZ3MiOnsicG9zdF9pZCI6IjIifX0=@&#8221; button_text=&#8221;Return to homepage&#8221; button_alignment=&#8221;center&#8221; _builder_version=&#8221;4.27.0&#8243; _dynamic_attributes=&#8221;button_url&#8221; _module_preset=&#8221;default&#8221; custom_button=&#8221;on&#8221; button_text_size=&#8221;17px&#8221; button_text_color=&#8221;#FFFFFF&#8221; button_bg_color=&#8221;#0091db&#8221; button_border_width=&#8221;2px&#8221; button_border_color=&#8221;#0091db&#8221; button_border_radius=&#8221;8px&#8221; button_font=&#8221;|600|||||||&#8221; button_icon=&#8221;&#x24;||divi||400&#8243; button_on_hover=&#8221;off&#8221; custom_padding=&#8221;6px|36px|6px|18px|true|false&#8221; global_colors_info=&#8221;{}&#8221;][\/et_pb_button][\/et_pb_column][\/et_pb_row][\/et_pb_section]<\/p>\n","protected":false},"excerpt":{"rendered":"<p>Huch! Die Seite, die Sie suchen, existiert nicht. Bitte \u00fcberpr\u00fcfen Sie die URL oder kehren Sie zur Startseite zur\u00fcck.<\/p>","protected":false},"author":1,"featured_media":0,"parent":0,"menu_order":0,"comment_status":"closed","ping_status":"closed","template":"","meta":{"_et_pb_use_builder":"on","_et_pb_old_content":"","_et_gb_content_width":"","footnotes":""},"folder":[],"class_list":["post-461","page","type-page","status-publish","hentry"],"yoast_head":"<!-- This site is optimized with the Yoast SEO plugin v23.8 - https:\/\/yoast.com\/wordpress\/plugins\/seo\/ -->\n<title>404 Page not found - Mindpax<\/title>\n<meta name=\"robots\" content=\"index, follow, max-snippet:-1, max-image-preview:large, max-video-preview:-1\" \/>\n<link rel=\"canonical\" href=\"https:\/\/3.123.108.25\/cz\/404-page-not-found\/\" \/>\n<meta property=\"og:locale\" content=\"de_DE\" \/>\n<meta property=\"og:type\" content=\"article\" \/>\n<meta property=\"og:title\" content=\"404 Page not found - Mindpax\" \/>\n<meta property=\"og:description\" content=\"Oops! The page you are looking for doesn&#039;t exist. Please check the URL or return to the homepage.\" \/>\n<meta property=\"og:url\" content=\"https:\/\/3.123.108.25\/cz\/404-page-not-found\/\" \/>\n<meta property=\"og:site_name\" content=\"Mindpax\" \/>\n<meta property=\"article:modified_time\" content=\"2024-09-18T09:05:20+00:00\" \/>\n<meta name=\"twitter:card\" content=\"summary_large_image\" \/>\n<meta name=\"twitter:label1\" content=\"Gesch\u00e4tzte Lesezeit\" \/>\n\t<meta name=\"twitter:data1\" content=\"3\u00a0Minuten\" \/>\n<script type=\"application\/ld+json\" class=\"yoast-schema-graph\">{\"@context\":\"https:\/\/schema.org\",\"@graph\":[{\"@type\":\"WebPage\",\"@id\":\"https:\/\/3.123.108.25\/cz\/404-page-not-found\/\",\"url\":\"https:\/\/3.123.108.25\/cz\/404-page-not-found\/\",\"name\":\"404 Page not found - Mindpax\",\"isPartOf\":{\"@id\":\"https:\/\/mindpax.me\/de\/#website\"},\"datePublished\":\"2024-09-16T21:11:48+00:00\",\"dateModified\":\"2024-09-18T09:05:20+00:00\",\"breadcrumb\":{\"@id\":\"https:\/\/3.123.108.25\/cz\/404-page-not-found\/#breadcrumb\"},\"inLanguage\":\"de\",\"potentialAction\":[{\"@type\":\"ReadAction\",\"target\":[\"https:\/\/3.123.108.25\/cz\/404-page-not-found\/\"]}]},{\"@type\":\"BreadcrumbList\",\"@id\":\"https:\/\/3.123.108.25\/cz\/404-page-not-found\/#breadcrumb\",\"itemListElement\":[{\"@type\":\"ListItem\",\"position\":1,\"name\":\"Home\",\"item\":\"https:\/\/mindpax.me\/de\/\"},{\"@type\":\"ListItem\",\"position\":2,\"name\":\"404 Page not found\"}]},{\"@type\":\"WebSite\",\"@id\":\"https:\/\/mindpax.me\/de\/#website\",\"url\":\"https:\/\/mindpax.me\/de\/\",\"name\":\"Mindpax.me\",\"description\":\"\",\"publisher\":{\"@id\":\"https:\/\/mindpax.me\/de\/#organization\"},\"potentialAction\":[{\"@type\":\"SearchAction\",\"target\":{\"@type\":\"EntryPoint\",\"urlTemplate\":\"https:\/\/mindpax.me\/de\/?s={search_term_string}\"},\"query-input\":{\"@type\":\"PropertyValueSpecification\",\"valueRequired\":true,\"valueName\":\"search_term_string\"}}],\"inLanguage\":\"de\"},{\"@type\":\"Organization\",\"@id\":\"https:\/\/mindpax.me\/de\/#organization\",\"name\":\"Mindpax\",\"url\":\"https:\/\/mindpax.me\/de\/\",\"logo\":{\"@type\":\"ImageObject\",\"inLanguage\":\"de\",\"@id\":\"https:\/\/mindpax.me\/de\/#\/schema\/logo\/image\/\",\"url\":\"https:\/\/mindpax.me\/wp-content\/uploads\/2024\/11\/Mindpax.png\",\"contentUrl\":\"https:\/\/mindpax.me\/wp-content\/uploads\/2024\/11\/Mindpax.png\",\"width\":512,\"height\":512,\"caption\":\"Mindpax\"},\"image\":{\"@id\":\"https:\/\/mindpax.me\/de\/#\/schema\/logo\/image\/\"},\"sameAs\":[\"https:\/\/www.linkedin.com\/company\/mindpax.me\"]}]}<\/script>\n<!-- \/ Yoast SEO plugin. -->","yoast_head_json":{"title":"404 Page not found - Mindpax","robots":{"index":"index","follow":"follow","max-snippet":"max-snippet:-1","max-image-preview":"max-image-preview:large","max-video-preview":"max-video-preview:-1"},"canonical":"https:\/\/3.123.108.25\/cz\/404-page-not-found\/","og_locale":"de_DE","og_type":"article","og_title":"404 Page not found - Mindpax","og_description":"Oops! The page you are looking for doesn't exist. Please check the URL or return to the homepage.","og_url":"https:\/\/3.123.108.25\/cz\/404-page-not-found\/","og_site_name":"Mindpax","article_modified_time":"2024-09-18T09:05:20+00:00","twitter_card":"summary_large_image","twitter_misc":{"Gesch\u00e4tzte Lesezeit":"3\u00a0Minuten"},"schema":{"@context":"https:\/\/schema.org","@graph":[{"@type":"WebPage","@id":"https:\/\/3.123.108.25\/cz\/404-page-not-found\/","url":"https:\/\/3.123.108.25\/cz\/404-page-not-found\/","name":"404 Page not found - Mindpax","isPartOf":{"@id":"https:\/\/mindpax.me\/de\/#website"},"datePublished":"2024-09-16T21:11:48+00:00","dateModified":"2024-09-18T09:05:20+00:00","breadcrumb":{"@id":"https:\/\/3.123.108.25\/cz\/404-page-not-found\/#breadcrumb"},"inLanguage":"de","potentialAction":[{"@type":"ReadAction","target":["https:\/\/3.123.108.25\/cz\/404-page-not-found\/"]}]},{"@type":"BreadcrumbList","@id":"https:\/\/3.123.108.25\/cz\/404-page-not-found\/#breadcrumb","itemListElement":[{"@type":"ListItem","position":1,"name":"Home","item":"https:\/\/mindpax.me\/de\/"},{"@type":"ListItem","position":2,"name":"404 Page not found"}]},{"@type":"WebSite","@id":"https:\/\/mindpax.me\/de\/#website","url":"https:\/\/mindpax.me\/de\/","name":"Mindpax.me","description":"","publisher":{"@id":"https:\/\/mindpax.me\/de\/#organization"},"potentialAction":[{"@type":"SearchAction","target":{"@type":"EntryPoint","urlTemplate":"https:\/\/mindpax.me\/de\/?s={search_term_string}"},"query-input":{"@type":"PropertyValueSpecification","valueRequired":true,"valueName":"search_term_string"}}],"inLanguage":"de"},{"@type":"Organization","@id":"https:\/\/mindpax.me\/de\/#organization","name":"Mindpax","url":"https:\/\/mindpax.me\/de\/","logo":{"@type":"ImageObject","inLanguage":"de","@id":"https:\/\/mindpax.me\/de\/#\/schema\/logo\/image\/","url":"https:\/\/mindpax.me\/wp-content\/uploads\/2024\/11\/Mindpax.png","contentUrl":"https:\/\/mindpax.me\/wp-content\/uploads\/2024\/11\/Mindpax.png","width":512,"height":512,"caption":"Mindpax"},"image":{"@id":"https:\/\/mindpax.me\/de\/#\/schema\/logo\/image\/"},"sameAs":["https:\/\/www.linkedin.com\/company\/mindpax.me"]}]}},"_links":{"self":[{"href":"https:\/\/mindpax.me\/de\/wp-json\/wp\/v2\/pages\/461"}],"collection":[{"href":"https:\/\/mindpax.me\/de\/wp-json\/wp\/v2\/pages"}],"about":[{"href":"https:\/\/mindpax.me\/de\/wp-json\/wp\/v2\/types\/page"}],"author":[{"embeddable":true,"href":"https:\/\/mindpax.me\/de\/wp-json\/wp\/v2\/users\/1"}],"replies":[{"embeddable":true,"href":"https:\/\/mindpax.me\/de\/wp-json\/wp\/v2\/comments?post=461"}],"version-history":[{"count":4,"href":"https:\/\/mindpax.me\/de\/wp-json\/wp\/v2\/pages\/461\/revisions"}],"predecessor-version":[{"id":596,"href":"https:\/\/mindpax.me\/de\/wp-json\/wp\/v2\/pages\/461\/revisions\/596"}],"wp:attachment":[{"href":"https:\/\/mindpax.me\/de\/wp-json\/wp\/v2\/media?parent=461"}],"wp:term":[{"taxonomy":"folder","embeddable":true,"href":"https:\/\/mindpax.me\/de\/wp-json\/wp\/v2\/folder?post=461"}],"curies":[{"name":"wp","href":"https:\/\/api.w.org\/{rel}","templated":true}]}}